{"id":7,"date":"2019-12-17T17:24:41","date_gmt":"2019-12-17T16:24:41","guid":{"rendered":"http:\/\/192.168.10.222\/wordpress\/?page_id=7"},"modified":"2020-10-20T16:07:29","modified_gmt":"2020-10-20T14:07:29","slug":"simple-comme-bonjour","status":"publish","type":"page","link":"http:\/\/simplytel.fr\/wordpress\/","title":{"rendered":"Simplifiez-vous la vie, simplifiez vous la t\u00e9l\u00e9phonie !"},"content":{"rendered":"\n<p> Mettre en place <strong>une t\u00e9l\u00e9phonie d&rsquo;entreprise<\/strong> \u00e9tait votre pire cauchemar ? D\u00e9couvrez-la en mode <strong>simple<\/strong> et accessible.<\/p>\n\n\n\n<div class=\"wp-block-media-text alignwide is-stacked-on-mobile height-auto\"><figure class=\"wp-block-media-text__media\"><img loading=\"lazy\" width=\"1024\" height=\"745\" src=\"http:\/\/192.168.10.222\/wordpress\/wp-content\/uploads\/2020\/06\/solutions-simplytel-1024x745.png\" alt=\"\" class=\"wp-image-143\" srcset=\"http:\/\/simplytel.fr\/wordpress\/wp-content\/uploads\/2020\/06\/solutions-simplytel-1024x745.png 1024w, http:\/\/simplytel.fr\/wordpress\/wp-content\/uploads\/2020\/06\/solutions-simplytel-300x218.png 300w, http:\/\/simplytel.fr\/wordpress\/wp-content\/uploads\/2020\/06\/solutions-simplytel-768x559.png 768w, http:\/\/simplytel.fr\/wordpress\/wp-content\/uploads\/2020\/06\/solutions-simplytel-1536x1117.png 1536w, http:\/\/simplytel.fr\/wordpress\/wp-content\/uploads\/2020\/06\/solutions-simplytel-2048x1490.png 2048w\" sizes=\"(max-width: 1024px) 100vw, 1024px\" \/><\/figure><div class=\"wp-block-media-text__content\">\n<p class=\"has-medium-font-size\">Autonomie, libert\u00e9 et productivit\u00e9 sont les ma\u00eetres-mots de la nouvelle g\u00e9n\u00e9ration de nos standards t\u00e9l\u00e9phoniques. SimplyTel vous permet de proposer \u00e0 vos clients un outil pr\u00e9cieux, utilisable par tout le monde. <\/p>\n<\/div><\/div>\n\n\n\n<p><\/p>\n","protected":false},"excerpt":{"rendered":"<p>Mettre en place une t\u00e9l\u00e9phonie d&rsquo;entreprise \u00e9tait votre pire cauchemar ? D\u00e9couvrez-la en mode simple et accessible. Autonomie, libert\u00e9 et productivit\u00e9 sont les ma\u00eetres-mots de la nouvelle g\u00e9n\u00e9ration de nos standards t\u00e9l\u00e9phoniques. SimplyTel vous permet de proposer \u00e0 vos clients un outil pr\u00e9cieux, utilisable par tout le monde.<\/p>\n","protected":false},"author":1,"featured_media":143,"parent":0,"menu_order":0,"comment_status":"closed","ping_status":"closed","template":"","meta":[],"_links":{"self":[{"href":"http:\/\/simplytel.fr\/wordpress\/wp-json\/wp\/v2\/pages\/7"}],"collection":[{"href":"http:\/\/simplytel.fr\/wordpress\/wp-json\/wp\/v2\/pages"}],"about":[{"href":"http:\/\/simplytel.fr\/wordpress\/wp-json\/wp\/v2\/types\/page"}],"author":[{"embeddable":true,"href":"http:\/\/simplytel.fr\/wordpress\/wp-json\/wp\/v2\/users\/1"}],"replies":[{"embeddable":true,"href":"http:\/\/simplytel.fr\/wordpress\/wp-json\/wp\/v2\/comments?post=7"}],"version-history":[{"count":29,"href":"http:\/\/simplytel.fr\/wordpress\/wp-json\/wp\/v2\/pages\/7\/revisions"}],"predecessor-version":[{"id":266,"href":"http:\/\/simplytel.fr\/wordpress\/wp-json\/wp\/v2\/pages\/7\/revisions\/266"}],"wp:featuredmedia":[{"embeddable":true,"href":"http:\/\/simplytel.fr\/wordpress\/wp-json\/wp\/v2\/media\/143"}],"wp:attachment":[{"href":"http:\/\/simplytel.fr\/wordpress\/wp-json\/wp\/v2\/media?parent=7"}],"curies":[{"name":"wp","href":"https:\/\/api.w.org\/{rel}","templated":true}]}}